{"id":408,"date":"2016-05-14T15:25:50","date_gmt":"2016-05-14T15:25:50","guid":{"rendered":"http:\/\/tommustester.wpengine.com\/?page_id=408"},"modified":"2022-09-09T22:27:34","modified_gmt":"2022-09-09T22:27:34","slug":"about-us","status":"publish","type":"page","link":"http:\/\/www.medsupplies-uk.com\/tr\/about-us\/","title":{"rendered":"Hakk\u0131m\u0131zda"},"content":{"rendered":"<p>[vc_row css=&#8221;.vc_custom_1648668811232{margin-top: 0px !important;margin-bottom: 0px !important;padding-top: 30px !important;padding-bottom: 0px !important;}&#8221;][vc_column css=&#8221;.vc_custom_1648668650166{margin-top: 0px !important;margin-bottom: 0px !important;}&#8221;][vc_column_text css=&#8221;.vc_custom_1662761903854{margin-top: 0px !important;margin-bottom: 25px !important;}&#8221;]<\/p>\n<h3><strong style=\"color: red;\">Herkes i\u00e7in sa\u011fl\u0131k sonu\u00e7lar\u0131n\u0131 iyile\u015ftirmek amac\u0131yla engelleri kald\u0131r\u0131yoruz.<\/strong><\/h3>\n<p>[\/vc_column_text][\/vc_column][\/vc_row][vc_row css=&#8221;.vc_custom_1648668773605{padding-top: 10px !important;padding-bottom: 0px !important;}&#8221;][vc_column width=&#8221;5\/12&#8243;][vc_single_image image=&#8221;1166&#8243; img_size=&#8221;large&#8221; alignment=&#8221;center&#8221; onclick=&#8221;link_image&#8221; css_animation=&#8221;bottom-to-top&#8221;][\/vc_column][vc_column width=&#8221;7\/12&#8243;][vc_column_text css_animation=&#8221;bottom-to-top&#8221;]<span style=\"font-weight: 400;\">Med Supplies Ltd. kurulu\u015f 1990<br \/>\nBiz, ila\u00e7 toptanc\u0131l\u0131\u011f\u0131 alan\u0131nda faaliyet g\u00f6steren \u0130stanbul, T\u00fcrkiye\u2019de b\u00f6lge ofisi bulunan Birle\u015fik Krall\u0131k merkezli bir aile \u015firketiyiz. Amerika, Fransa, Almanya ve Birle\u015fik Krall\u0131ktaki ortaklar\u0131m\u0131zla nadir g\u00f6r\u00fclen hastal\u0131klara y\u00f6nelik ila\u00e7 tedariki ve da\u011f\u0131t\u0131m\u0131 alan\u0131nda uzmanla\u015fm\u0131\u015f bir \u015firketiz. T\u00fcrkiye\u2019de stratejik dan\u0131\u015fmanl\u0131k ve pazara eri\u015fim hizmetleri veriyoruz. \u00d6nemli operasyonlar\u0131m\u0131zla ileri derecede hasta ki\u015filere hayatlar\u0131n\u0131 ya\u015fayabilmelerine yard\u0131mc\u0131 olmak amac\u0131yla acil \u00fcr\u00fcn teslimatlar\u0131 ger\u00e7ekle\u015ftiriyoruz.<br \/>\n<\/span><\/p>\n<p><span style=\"font-weight: 400;\">Med Supplies Ltd. ruhsats\u0131z ila\u00e7lar\u0131n Hasta Ad\u0131na \u0130la\u00e7 Temini uygulamas\u0131 kapsam\u0131nda T\u00fcrkiye ve Kuzey K\u0131br\u0131s\u2019taki hastalara tedarik ve da\u011f\u0131t\u0131m\u0131nda \u00f6nc\u00fc rol oynam\u0131\u015f ve nadir g\u00f6r\u00fclen hastal\u0131klara y\u00f6nelik ila\u00e7 geli\u015ftiricileri i\u00e7in uzman hizmet se\u00e7enekleri sunmu\u015ftur.<\/span><\/p>\n<p><span style=\"font-weight: 400;\">Bu pazarda faaliyet g\u00f6steren en eski \u015firketlerden biri olman\u0131n gururunu ya\u015f\u0131yoruz. Sundu\u011fumuz bu uzun \u00f6m\u00fcrl\u00fc hizmet i\u015f ortaklar\u0131m\u0131z, doktorlar, hastalar ve devlet payda\u015flar\u0131na sa\u011flad\u0131\u011f\u0131m\u0131z destekte aral\u0131ks\u0131z \u00fcst\u00fcn ba\u015far\u0131m\u0131za dair bir kan\u0131t\u0131d\u0131r. Birden fazla nesilden olu\u015fan ekibimiz \u00fcst\u00fcn hizmet ve gelece\u011fi d\u00f6n\u00fck b\u00fcy\u00fcme sa\u011flamada ba\u015far\u0131l\u0131 bir birliktelik olarak bilgece deneyimi gen\u00e7lik heyecan\u0131yla bir araya getiriyor.<\/span>[\/vc_column_text][\/vc_column][\/vc_row][vc_row css=&#8221;.vc_custom_1567360461951{padding-top: 12px !important;padding-bottom: 12px !important;}&#8221;][vc_column][vc_column_text]<span style=\"font-weight: 400;\">\u0130\u015f ortaklar\u0131m\u0131z ve m\u00fc\u015fterilerimiz \u00e7\u0131karlar\u0131n\u0131n daima etik ve \u015feffaf bir anlay\u0131\u015fla s\u00fcrd\u00fcr\u00fcld\u00fc\u011f\u00fcne g\u00fcvenebilirler. \u0130ngiliz Ticaret Odas\u0131 ve Uluslararas\u0131 \u015eeffafl\u0131k \u00d6rg\u00fct\u00fc\u2019n\u00fcn faal birer \u00fcyesiyiz.<\/span>[\/vc_column_text][\/vc_column][\/vc_row][vc_row css=&#8221;.vc_custom_1567368873080{margin-bottom: 0px !important;padding-top: 0px !important;padding-bottom: 0px !important;}&#8221;][vc_column width=&#8221;3\/12&#8243;][\/vc_column][vc_column width=&#8221;6\/12&#8243;][vc_row_inner][vc_column_inner width=&#8221;1\/2&#8243;][vc_single_image image=&#8221;873&#8243; img_size=&#8221;full&#8221;][\/vc_column_inner][vc_column_inner width=&#8221;1\/2&#8243;][vc_single_image image=&#8221;874&#8243; img_size=&#8221;full&#8221;][\/vc_column_inner][\/vc_row_inner][\/vc_column][vc_column width=&#8221;3\/12&#8243;][\/vc_column][\/vc_row][vc_row css=&#8221;.vc_custom_1463240998263{padding-bottom: 0px !important;}&#8221;][vc_column width=&#8221;5\/12&#8243;][vc_single_image image=&#8221;1189&#8243; img_size=&#8221;large&#8221; alignment=&#8221;center&#8221; css_animation=&#8221;bottom-to-top&#8221;][\/vc_column][vc_column width=&#8221;7\/12&#8243;][vc_column_text css_animation=&#8221;bottom-to-top&#8221;]<\/p>\n<h2><strong>Kurucumuzun Mesaj\u0131<\/strong><\/h2>\n<p><span style=\"font-weight: 400;\">Med Supplies Ltd. ben ve e\u015fim Cathryn Ata\u00e7 ile sahip oldu\u011fumuz vizyonumuzun sonucudur. 1970\u2019li y\u0131llarda Birle\u015fik Krall\u0131\u011fa ta\u015f\u0131nd\u0131ktan sonra anavatan\u0131m T\u00fcrkiye ile ba\u011flar\u0131m\u0131 koparmad\u0131m. Bu iki \u00fclke ve k\u00fclt\u00fcrle birlikte ya\u015famak T\u00fcrkiye ve Avrupa aras\u0131ndaki t\u0131bbi f\u0131rsatlardaki ayr\u0131mlar\u0131 vurgulad\u0131. Sa\u011fl\u0131k sonu\u00e7lar\u0131n\u0131 iyile\u015ftirme alan\u0131nda bir f\u0131rsat g\u00f6rd\u00fck. Co\u011frafi engelleri kald\u0131rma iste\u011fimizle birlikte Med Supplies Ltd. ortaya \u00e7\u0131kt\u0131.<\/span><\/p>\n<p><span style=\"font-weight: 400;\">Sonraki y\u0131llarda de\u011fi\u015fen bir\u00e7ok \u015fey olmas\u0131na ra\u011fmen ila\u00e7 bulunamamas\u0131 nedeniyle hi\u00e7bir hastan\u0131n ac\u0131 \u00e7ekmemesini sa\u011flamak olan temel de\u011ferlerimiz hi\u00e7 de\u011fi\u015fmedi. Bug\u00fcne kadarki en b\u00fcy\u00fck ba\u015far\u0131m\u0131z T\u00fcrkiye ve lider sa\u011fl\u0131k kurulu\u015flar\u0131 nezdinde Avrupa\u2019ya g\u00fcvenilir, etik ve etkin ticaret ba\u011flant\u0131s\u0131 sa\u011flayan bir firma olarak tan\u0131nm\u0131\u015f olmam\u0131zd\u0131r.<\/span><\/p>\n<p><span style=\"font-weight: 400;\">Nadir g\u00f6r\u00fclen hastal\u0131klar pazar\u0131nda sa\u011fl\u0131k hizmeti heyecan verici ve dinamik bir gelece\u011fe sahip. 30 y\u0131l\u0131 a\u015fk\u0131n \u00fcst\u00fcn hizmetimizle Med Supplies Ltd. olarak engelleri kald\u0131rarak T\u00fcrkiye ve Avrupa genelinde evrensel sa\u011fl\u0131k f\u0131rsatlar\u0131 sunmak i\u00e7in inovatif y\u00f6ntemler aramaya devam etmenin yan\u0131 s\u0131ra sayg\u0131nl\u0131\u011f\u0131m\u0131z\u0131 daha da sa\u011flamla\u015ft\u0131rmay\u0131 hedefliyoruz.<\/span><\/p>\n<p><span style=\"font-weight: 400;\">Sayg\u0131lar\u0131mla,<br \/>\n<\/span>H.M. Ata\u00e7<\/p>\n<p>[\/vc_column_text][\/vc_column][\/vc_row][vc_row css=&#8221;.vc_custom_1567361304933{padding-top: 0px !important;padding-bottom: 0px !important;}&#8221;][vc_column][vc_empty_space height=&#8221;48px&#8221; css=&#8221;.vc_custom_1567361371770{margin-top: 0px !important;margin-bottom: 0px !important;padding-top: 0px !important;padding-bottom: 0px !important;}&#8221;][\/vc_column][\/vc_row]<\/p>\n","protected":false},"excerpt":{"rendered":"<p>[vc_row css=&#8221;.vc_custom_1648668811232{margin-top: 0px !important;margin-bottom: 0px !important;padding-top: 30px !important;padding-bottom: 0px !important;}&#8221;][vc_column css=&#8221;.vc_custom_1648668650166{margin-top: 0px !important;margin-bottom: 0px !important;}&#8221;][vc_column_text css=&#8221;.vc_custom_1662761903854{margin-top: 0px !important;margin-bottom: 25px !important;}&#8221;] Herkes i\u00e7in sa\u011fl\u0131k sonu\u00e7lar\u0131n\u0131 iyile\u015ftirmek amac\u0131yla engelleri kald\u0131r\u0131yoruz. [\/vc_column_text][\/vc_column][\/vc_row][vc_row css=&#8221;.vc_custom_1648668773605{padding-top: 10px !important;padding-bottom: 0px !important;}&#8221;][vc_column width=&#8221;5\/12&#8243;][vc_single_image image=&#8221;1166&#8243; img_size=&#8221;large&#8221; alignment=&#8221;center&#8221; onclick=&#8221;link_image&#8221; css_animation=&#8221;bottom-to-top&#8221;][\/vc_column][vc_column width=&#8221;7\/12&#8243;][vc_column_text css_animation=&#8221;bottom-to-top&#8221;]Med Supplies Ltd. kurulu\u015f 1990 Biz, ila\u00e7 toptanc\u0131l\u0131\u011f\u0131 alan\u0131nda faaliyet g\u00f6steren \u0130stanbul, T\u00fcrkiye\u2019de b\u00f6lge ofisi bulunan Birle\u015fik Krall\u0131k merkezli bir aile \u015firketiyiz. Amerika, Fransa, Almanya ve Birle\u015fik Krall\u0131ktaki ortaklar\u0131m\u0131zla nadir g\u00f6r\u00fclen hastal\u0131klara y\u00f6nelik ila\u00e7 tedariki ve da\u011f\u0131t\u0131m\u0131 alan\u0131nda uzmanla\u015fm\u0131\u015f bir \u015firketiz. T\u00fcrkiye\u2019de stratejik dan\u0131\u015fmanl\u0131k <\/p>\n","protected":false},"author":1,"featured_media":0,"parent":0,"menu_order":0,"comment_status":"closed","ping_status":"closed","template":"","meta":{"inline_featured_image":false},"_links":{"self":[{"href":"http:\/\/www.medsupplies-uk.com\/tr\/wp-json\/wp\/v2\/pages\/408"}],"collection":[{"href":"http:\/\/www.medsupplies-uk.com\/tr\/wp-json\/wp\/v2\/pages"}],"about":[{"href":"http:\/\/www.medsupplies-uk.com\/tr\/wp-json\/wp\/v2\/types\/page"}],"author":[{"embeddable":true,"href":"http:\/\/www.medsupplies-uk.com\/tr\/wp-json\/wp\/v2\/users\/1"}],"replies":[{"embeddable":true,"href":"http:\/\/www.medsupplies-uk.com\/tr\/wp-json\/wp\/v2\/comments?post=408"}],"version-history":[{"count":99,"href":"http:\/\/www.medsupplies-uk.com\/tr\/wp-json\/wp\/v2\/pages\/408\/revisions"}],"predecessor-version":[{"id":1340,"href":"http:\/\/www.medsupplies-uk.com\/tr\/wp-json\/wp\/v2\/pages\/408\/revisions\/1340"}],"wp:attachment":[{"href":"http:\/\/www.medsupplies-uk.com\/tr\/wp-json\/wp\/v2\/media?parent=408"}],"curies":[{"name":"wp","href":"https:\/\/api.w.org\/{rel}","templated":true}]}}