{"id":400,"date":"2016-05-14T15:19:04","date_gmt":"2016-05-14T15:19:04","guid":{"rendered":"http:\/\/tommustester.wpengine.com\/?page_id=400"},"modified":"2022-09-09T22:53:46","modified_gmt":"2022-09-09T22:53:46","slug":"services","status":"publish","type":"page","link":"http:\/\/www.medsupplies-uk.com\/tr\/services\/","title":{"rendered":"Hizmetlerimiz ve Tesislerimiz"},"content":{"rendered":"<p>[vc_row css=&#8221;.vc_custom_1648668811232{margin-top: 0px !important;margin-bottom: 0px !important;padding-top: 30px !important;padding-bottom: 0px !important;}&#8221;][vc_column css=&#8221;.vc_custom_1648668650166{margin-top: 0px !important;margin-bottom: 0px !important;}&#8221;][vc_column_text css=&#8221;.vc_custom_1662762748892{margin-top: 0px !important;margin-bottom: 10px !important;}&#8221;]<\/p>\n<h3><strong style=\"color: red;\"><b>Herkes i\u00e7in sa\u011fl\u0131k sonu\u00e7lar\u0131n\u0131 iyile\u015ftirmek amac\u0131yla engelleri kald\u0131r\u0131yoruz.<\/b><\/strong><\/h3>\n<p>[\/vc_column_text][\/vc_column][\/vc_row][vc_row css=&#8221;.vc_custom_1648671179778{padding-top: 20px !important;padding-bottom: 0px !important;}&#8221;][vc_column][vc_column_text]<\/p>\n<h3><strong>H\u0130ZMETLER\u0130M\u0130Z<\/strong><\/h3>\n<p><span style=\"font-weight: 400;\">T\u00fcrkiye ve Birle\u015fik Krall\u0131kta faaliyet g\u00f6steren firmam\u0131z nadir g\u00f6r\u00fclen hastal\u0131klar ve yetim ila\u00e7 grubunda geni\u015flemeci \u015firketler ad\u0131na Hasta Ad\u0131na \u0130la\u00e7 Temini uygulamas\u0131 kapsam\u0131nda lisansl\u0131 distrib\u00fct\u00f6r olarak hareket ediyoruz. T\u00fcm m\u00fc\u015fteri ve i\u015f ortaklar\u0131m\u0131za zaman\u0131nda i\u015f bitirme s\u00fcreleri, rekabet\u00e7i fiyatlar ve uzman hizmetler sunuyoruz.<\/span><\/p>\n<h3><strong>T\u00fcrkiye<\/strong><\/h3>\n<p><span style=\"font-weight: 400;\">Tan\u0131 Sistemi Geli\u015ftirme<\/span><br \/>\n<span style=\"font-weight: 400;\">Devlet hastaneleri ve \u00f6zel laboratuvarlarla nadir g\u00f6r\u00fclen hastal\u0131klar\u0131n tan\u0131s\u0131 alan\u0131nda deneyimliyiz.<\/span>[\/vc_column_text][\/vc_column][\/vc_row][vc_row css=&#8221;.vc_custom_1648668773605{padding-top: 10px !important;padding-bottom: 0px !important;}&#8221;][vc_column width=&#8221;5\/12&#8243;][vc_single_image image=&#8221;1171&#8243; img_size=&#8221;large&#8221; onclick=&#8221;link_image&#8221;][\/vc_column][vc_column width=&#8221;7\/12&#8243;][vc_column_text css_animation=&#8221;bottom-to-top&#8221;]<\/p>\n<ul>\n<li><strong><b>Stratejik Dan\u0131\u015fmanl\u0131k<\/b><\/strong>\n<ul>\n<li><span style=\"font-weight: 400;\">Nadir g\u00f6r\u00fclen hastal\u0131klar \u00fczerine e\u011fitim<\/span><\/li>\n<li><span style=\"font-weight: 400;\">Mevzuat zamanlar\u0131<\/span><\/li>\n<li><span style=\"font-weight: 400;\">Da\u011f\u0131t\u0131m \u00f6nerileri<\/span><\/li>\n<li><span style=\"font-weight: 400;\">Hasta Ad\u0131na \u0130la\u00e7 Temini uygulamas\u0131 ve \u00dcr\u00fcn Ruhsatland\u0131rmas\u0131 ile ilgili ruhsatland\u0131rma dan\u0131\u015fmanl\u0131\u011f\u0131<\/span><\/li>\n<\/ul>\n<\/li>\n<li><b>Pazara Eri\u015fimi ve Fark\u0131ndal\u0131k<\/b>\n<ul>\n<li><span style=\"font-weight: 400;\">Lansman \u00f6ncesi ve sonras\u0131 fark\u0131ndal\u0131k faaliyetleri<\/span><\/li>\n<li><span style=\"font-weight: 400;\">Hasta Yolculu\u011fu ve Erken D\u00f6nem analizleri<\/span><\/li>\n<li><span style=\"font-weight: 400;\">Pazarlama yetkisi ve \u00fcr\u00fcn ruhsatland\u0131rmas\u0131<\/span><\/li>\n<\/ul>\n<\/li>\n<li><b>Tan\u0131 Sistemi Kurulumu<\/b>\n<ul>\n<li><span style=\"font-weight: 400;\">T\u00fcrkiye i\u00e7inde ve d\u0131\u015f\u0131nda devlet hastaneleri ve \u00f6zel laboratuvarlarla nadir g\u00f6r\u00fclen hastal\u0131klar\u0131n tan\u0131s\u0131 alan\u0131nda deneyimliyiz.<\/span><\/li>\n<\/ul>\n<\/li>\n<li><b>Lansman Sonras\u0131 \u00c7al\u0131\u015fmalar<\/b>\n<ul>\n<li><span style=\"font-weight: 400;\">MSL faaliyetleri<\/span><\/li>\n<li><span style=\"font-weight: 400;\">\u00dcr\u00fcn sorun giderme<\/span><\/li>\n<li><span style=\"font-weight: 400;\">Farmakovijilans izleme<\/span><\/li>\n<li style=\"font-weight: 400;\" aria-level=\"2\"><span style=\"font-weight: 400;\">Kurulu\u015f ve konferanslara kat\u0131l\u0131m d\u00e2hil KOL (\u00d6nemli Kanaat \u00d6nderi) y\u00f6netimi<\/span><\/li>\n<\/ul>\n<\/li>\n<\/ul>\n<p>[\/vc_column_text][\/vc_column][\/vc_row][vc_row css=&#8221;.vc_custom_1648671690302{padding-top: 0px !important;padding-bottom: 0px !important;}&#8221;][vc_column][vc_column_text]<\/p>\n<h3><strong>Birle\u015fik Krall\u0131k<\/strong><\/h3>\n<h3><strong>TES\u0130SLER\u0130M\u0130Z<\/strong><\/h3>\n<p><span style=\"font-weight: 400;\">Galler\u2019de yerle\u015fik mevzuata uygun 278,80 metrekare depomuzda standart ve acil depolama \u00e7\u00f6z\u00fcmleri sunuyoruz. Ortam s\u0131cakl\u0131\u011f\u0131nda ve so\u011fuk depolama tesislerimiz \u00e7ok \u00e7e\u015fitli \u0131s\u0131ya duyarl\u0131 \u00fcr\u00fcnleri elle\u00e7leyebilmemize imk\u00e2n tan\u0131maktad\u0131r.<\/span>[\/vc_column_text][\/vc_column][\/vc_row][vc_row css=&#8221;.vc_custom_1648671953223{padding-top: 10px !important;padding-bottom: 30px !important;}&#8221;][vc_column width=&#8221;5\/12&#8243;][vc_single_image image=&#8221;1305&#8243; img_size=&#8221;large&#8221; onclick=&#8221;link_image&#8221;][\/vc_column][vc_column width=&#8221;7\/12&#8243;][vc_column_text css_animation=&#8221;bottom-to-top&#8221;]<\/p>\n<ul>\n<li><span style=\"font-weight: 400;\">3,7 metrekare farmas\u00f6tik standartlar\u0131nda so\u011fuk hava deposu<\/span><\/li>\n<li><span style=\"font-weight: 400;\">Farmas\u00f6tik standartlar\u0131nda dondurucular<\/span><\/li>\n<li><span style=\"font-weight: 400;\">Ortam s\u0131cakl\u0131\u011f\u0131nda depolama odalar\u0131<\/span><\/li>\n<li><span style=\"font-weight: 400;\">Kontroll\u00fc \u0130la\u00e7 Ruhsat\u0131<\/span><\/li>\n<\/ul>\n<p><span style=\"font-weight: 400;\">Tesislerimiz tam GDP uyumlu\u011funun yan\u0131 s\u0131ra MHRA Toptanc\u0131 Bayiler Lisans\u0131na da (WDA(H)) sahiptir.<\/span><\/p>\n<p><span style=\"font-weight: 400;\">\u0130ngiliz 2010 R\u00fc\u015fvetle M\u00fccadele Yasas\u0131 ve ABD Yurtd\u0131\u015f\u0131 Yolsuzluk Faaliyetleri Kanunu\u2019na uygun hareket ediyoruz.<\/span><\/p>\n<p><b>Acil Durum Depolama<\/b><\/p>\n<p><span style=\"font-weight: 400;\">Stoklar\u0131n\u0131 h\u0131zl\u0131 ta\u015f\u0131mas\u0131 zorunlu olan \u015firketler i\u00e7in \u00f6zellikle \u0131s\u0131ya duyarl\u0131 \u00fcr\u00fcnler i\u00e7in hayati \u00f6neme sahip acil durum depolama imk\u00e2n\u0131 sunuyoruz.<\/span>[\/vc_column_text][\/vc_column][\/vc_row]<\/p>\n","protected":false},"excerpt":{"rendered":"<p>[vc_row css=&#8221;.vc_custom_1648668811232{margin-top: 0px !important;margin-bottom: 0px !important;padding-top: 30px !important;padding-bottom: 0px !important;}&#8221;][vc_column css=&#8221;.vc_custom_1648668650166{margin-top: 0px !important;margin-bottom: 0px !important;}&#8221;][vc_column_text css=&#8221;.vc_custom_1662762748892{margin-top: 0px !important;margin-bottom: 10px !important;}&#8221;] Herkes i\u00e7in sa\u011fl\u0131k sonu\u00e7lar\u0131n\u0131 iyile\u015ftirmek amac\u0131yla engelleri kald\u0131r\u0131yoruz. [\/vc_column_text][\/vc_column][\/vc_row][vc_row css=&#8221;.vc_custom_1648671179778{padding-top: 20px !important;padding-bottom: 0px !important;}&#8221;][vc_column][vc_column_text] H\u0130ZMETLER\u0130M\u0130Z T\u00fcrkiye ve Birle\u015fik Krall\u0131kta faaliyet g\u00f6steren firmam\u0131z nadir g\u00f6r\u00fclen hastal\u0131klar ve yetim ila\u00e7 grubunda geni\u015flemeci \u015firketler ad\u0131na Hasta Ad\u0131na \u0130la\u00e7 Temini uygulamas\u0131 kapsam\u0131nda lisansl\u0131 distrib\u00fct\u00f6r olarak hareket ediyoruz. T\u00fcm m\u00fc\u015fteri ve i\u015f ortaklar\u0131m\u0131za zaman\u0131nda i\u015f bitirme s\u00fcreleri, rekabet\u00e7i fiyatlar ve uzman hizmetler sunuyoruz. T\u00fcrkiye Tan\u0131 Sistemi Geli\u015ftirme Devlet hastaneleri ve <\/p>\n","protected":false},"author":1,"featured_media":0,"parent":0,"menu_order":0,"comment_status":"closed","ping_status":"closed","template":"","meta":{"inline_featured_image":false},"_links":{"self":[{"href":"http:\/\/www.medsupplies-uk.com\/tr\/wp-json\/wp\/v2\/pages\/400"}],"collection":[{"href":"http:\/\/www.medsupplies-uk.com\/tr\/wp-json\/wp\/v2\/pages"}],"about":[{"href":"http:\/\/www.medsupplies-uk.com\/tr\/wp-json\/wp\/v2\/types\/page"}],"author":[{"embeddable":true,"href":"http:\/\/www.medsupplies-uk.com\/tr\/wp-json\/wp\/v2\/users\/1"}],"replies":[{"embeddable":true,"href":"http:\/\/www.medsupplies-uk.com\/tr\/wp-json\/wp\/v2\/comments?post=400"}],"version-history":[{"count":91,"href":"http:\/\/www.medsupplies-uk.com\/tr\/wp-json\/wp\/v2\/pages\/400\/revisions"}],"predecessor-version":[{"id":1342,"href":"http:\/\/www.medsupplies-uk.com\/tr\/wp-json\/wp\/v2\/pages\/400\/revisions\/1342"}],"wp:attachment":[{"href":"http:\/\/www.medsupplies-uk.com\/tr\/wp-json\/wp\/v2\/media?parent=400"}],"curies":[{"name":"wp","href":"https:\/\/api.w.org\/{rel}","templated":true}]}}