{"id":376,"date":"2016-05-14T14:40:49","date_gmt":"2016-05-14T14:40:49","guid":{"rendered":"http:\/\/tommustester.wpengine.com\/?page_id=376"},"modified":"2023-09-07T17:01:40","modified_gmt":"2023-09-07T17:01:40","slug":"home-layout-v","status":"publish","type":"page","link":"http:\/\/www.medsupplies-uk.com\/tr\/","title":{"rendered":"Ana Sayfa"},"content":{"rendered":"<p>[vc_row full_width=&#8221;stretch_row&#8221;][vc_column][rev_slider_vc alias=&#8221;FullwidthSlider&#8221;][\/vc_column][\/vc_row][vc_row][vc_column]<div class=\"blog grid-view col3\">\n\n\t<div class=\"blog-posts\">\n\t\t<div class=\"isotope row\">\n\t\t\t<div id=\"post-1376\" class=\"col-sm-6 col-md-4 grid-view-post\">\n\t<div class=\"post post-1376 type-post status-publish format-standard has-post-thumbnail hentry category-uncategorized\">\n\t\n\t\t<figure class=\"main\">\n\t\t\t<img width=\"149\" height=\"200\" src=\"http:\/\/www.medsupplies-uk.com\/tr\/wp-content\/uploads\/2023\/09\/cocuk_beslenme_ve_metabolizma_dernegi.jpg\" class=\"attachment-ebor-grid size-ebor-grid wp-post-image\" alt=\"\" loading=\"lazy\" \/>\t\t<\/figure>\n\t\t\n\t\t<div class=\"box \">\n\t\t\t<div class=\"meta\">\n\n\t<span class=\"date\">\n\t\t24 May\u0131s 2023\t<\/span>\n\t\n\t \n<!--\t<span class=\"comments\">\n\t\t\t<a href=\"http:\/\/www.medsupplies-uk.com\/tr\/uncategorized\/med-supplies-ltd-3-7-mayis-2023-tarihlerinde-bursada-duzenlenen-8-uluslararasi-katilimli-lizozomal-hastaliklar-kongresine-katildi\/#respond\">0 Comments<\/a>\n\t\t<\/span>-->\n\t\t\n\t\n<\/div><h3 class=\"post-title\"><a href=\"http:\/\/www.medsupplies-uk.com\/tr\/uncategorized\/med-supplies-ltd-3-7-mayis-2023-tarihlerinde-bursada-duzenlenen-8-uluslararasi-katilimli-lizozomal-hastaliklar-kongresine-katildi\/\">Med Supplies Ltd., 3-7 May\u0131s 2023 tarihlerinde Bursa\u2019da d\u00fczenlenen 8. Uluslararas\u0131 Kat\u0131l\u0131ml\u0131 Lizozomal Hastal\u0131klar Kongresine kat\u0131ld\u0131.<\/a><\/h3>\t\t\t<a href=\"http:\/\/www.medsupplies-uk.com\/tr\/uncategorized\/med-supplies-ltd-3-7-mayis-2023-tarihlerinde-bursada-duzenlenen-8-uluslararasi-katilimli-lizozomal-hastaliklar-kongresine-katildi\/\" class=\"more\">Devam\u0131n\u0131 Oku<\/a> \n\t\t<\/div><!-- \/.box --> \n\t\n\t<\/div><!-- \/.post --> \n<\/div><!-- \/column --><div id=\"post-1372\" class=\"col-sm-6 col-md-4 grid-view-post\">\n\t<div class=\"post post-1372 type-post status-publish format-standard has-post-thumbnail hentry category-haberler\">\n\t\n\t\t<figure class=\"main\">\n\t\t\t<img width=\"400\" height=\"134\" src=\"http:\/\/www.medsupplies-uk.com\/tr\/wp-content\/uploads\/2019\/12\/mhra-logo.jpg\" class=\"attachment-ebor-grid size-ebor-grid wp-post-image\" alt=\"\" loading=\"lazy\" srcset=\"http:\/\/www.medsupplies-uk.com\/tr\/wp-content\/uploads\/2019\/12\/mhra-logo.jpg 400w, http:\/\/www.medsupplies-uk.com\/tr\/wp-content\/uploads\/2019\/12\/mhra-logo-300x101.jpg 300w\" sizes=\"(max-width: 400px) 100vw, 400px\" \/>\t\t<\/figure>\n\t\t\n\t\t<div class=\"box \">\n\t\t\t<div class=\"meta\">\n\n\t<span class=\"date\">\n\t\t1 Mart 2023\t<\/span>\n\t\n\t \n<!--\t<span class=\"comments\">\n\t\t\t<a href=\"http:\/\/www.medsupplies-uk.com\/tr\/haberler\/med-supplies-ltd-21-22-subat-2023-tarihlerinde-londrada-duzenlenen-mhra-gmdp-sempozyumuna-katildi\/#respond\">0 Comments<\/a>\n\t\t<\/span>-->\n\t\t\n\t\n<\/div><h3 class=\"post-title\"><a href=\"http:\/\/www.medsupplies-uk.com\/tr\/haberler\/med-supplies-ltd-21-22-subat-2023-tarihlerinde-londrada-duzenlenen-mhra-gmdp-sempozyumuna-katildi\/\">Med Supplies Ltd. 21-22 \u015eubat 2023 tarihlerinde Londra\u2019da d\u00fczenlenen MHRA GMDP Sempozyumu\u2019na kat\u0131ld\u0131.<\/a><\/h3>\t\t\t<a href=\"http:\/\/www.medsupplies-uk.com\/tr\/haberler\/med-supplies-ltd-21-22-subat-2023-tarihlerinde-londrada-duzenlenen-mhra-gmdp-sempozyumuna-katildi\/\" class=\"more\">Devam\u0131n\u0131 Oku<\/a> \n\t\t<\/div><!-- \/.box --> \n\t\n\t<\/div><!-- \/.post --> \n<\/div><!-- \/column --><div id=\"post-1330\" class=\"col-sm-6 col-md-4 grid-view-post\">\n\t<div class=\"post post-1330 type-post status-publish format-standard has-post-thumbnail hentry category-haberler\">\n\t\n\t\t<figure class=\"main\">\n\t\t\t<img width=\"440\" height=\"300\" src=\"http:\/\/www.medsupplies-uk.com\/tr\/wp-content\/uploads\/2022\/06\/14th-National-Pediatric-Gastroenterology-Hepatology-and-Nutrition-Congress-Held-in-Cyprus-440x300.jpg\" class=\"attachment-ebor-grid size-ebor-grid wp-post-image\" alt=\"\" loading=\"lazy\" \/>\t\t<\/figure>\n\t\t\n\t\t<div class=\"box \">\n\t\t\t<div class=\"meta\">\n\n\t<span class=\"date\">\n\t\t9 Haziran 2022\t<\/span>\n\t\n\t \n<!--\t<span class=\"comments\">\n\t\t\t<a href=\"http:\/\/www.medsupplies-uk.com\/tr\/haberler\/med-supplies-ltd-attended-the-14-th-national-pediatric-gastroenterology-hepatology-and-nutrition-congress-held-in-cyprus-between-12-15th-may-2022\/#respond\">0 Comments<\/a>\n\t\t<\/span>-->\n\t\t\n\t\n<\/div><h3 class=\"post-title\"><a href=\"http:\/\/www.medsupplies-uk.com\/tr\/haberler\/med-supplies-ltd-attended-the-14-th-national-pediatric-gastroenterology-hepatology-and-nutrition-congress-held-in-cyprus-between-12-15th-may-2022\/\">Med Supplies Ltd. 12-15 May\u0131s 2022 tarihlerinde K\u0131br\u0131s\u2019ta d\u00fczenlenen 14. Ulusal Pediatrik Gastroenteroloji, Hepatoloji ve Beslenme Kongresi\u2019ne kat\u0131ld\u0131.<\/a><\/h3>\t\t\t<a href=\"http:\/\/www.medsupplies-uk.com\/tr\/haberler\/med-supplies-ltd-attended-the-14-th-national-pediatric-gastroenterology-hepatology-and-nutrition-congress-held-in-cyprus-between-12-15th-may-2022\/\" class=\"more\">Devam\u0131n\u0131 Oku<\/a> \n\t\t<\/div><!-- \/.box --> \n\t\n\t<\/div><!-- \/.post --> \n<\/div><!-- \/column -->\t\t<\/div><!-- \/.isotope --> \n\t<\/div><!-- \/.blog-posts -->\n\t\n\t<div class='pagination'><ul><li class='active'><a href='http:\/\/www.medsupplies-uk.com\/tr\/wp-json\/wp\/v2\/pages\/376'><span>1<\/span><\/a><\/li> <li><a href='http:\/\/www.medsupplies-uk.com\/tr\/wp-json\/wp\/v2\/pages\/376\/page\/2\/'><span>2<\/span><\/a><\/li> <li><a href='http:\/\/www.medsupplies-uk.com\/tr\/wp-json\/wp\/v2\/pages\/376\/page\/3\/'><span>3<\/span><\/a><\/li> <li><a href='http:\/\/www.medsupplies-uk.com\/tr\/wp-json\/wp\/v2\/pages\/376\/page\/4\/'><span>4<\/span><\/a><\/li> <li><a href='http:\/\/www.medsupplies-uk.com\/tr\/wp-json\/wp\/v2\/pages\/376\/page\/5\/'><span>5<\/span><\/a><\/li> <\/ul><\/div>\n<\/div><!-- \/.blog --> [\/vc_column][\/vc_row][vc_row css=&#8221;.vc_custom_1648665473744{margin-top: 0px !important;border-top-width: 0px !important;padding-top: 0px !important;padding-bottom: 0px !important;}&#8221;][vc_column][vc_text_separator title=&#8221;Ortakl\u0131klar&#8221; css=&#8221;.vc_custom_1662768061659{margin-bottom: 10px !important;}&#8221;][\/vc_column][\/vc_row][vc_row css=&#8221;.vc_custom_1652208181792{margin-top: 0px !important;padding-top: 0px !important;padding-bottom: 0px !important;}&#8221;][vc_column width=&#8221;1\/4&#8243;][vc_single_image image=&#8221;1223&#8243; img_size=&#8221;full&#8221; alignment=&#8221;center&#8221; onclick=&#8221;custom_link&#8221; img_link_target=&#8221;_blank&#8221; el_class=&#8221;partnerships-border-shadow&#8221; link=&#8221;https:\/\/travere.com&#8221;][\/vc_column][vc_column width=&#8221;1\/4&#8243;][vc_single_image image=&#8221;1050&#8243; img_size=&#8221;full&#8221; alignment=&#8221;center&#8221; onclick=&#8221;custom_link&#8221; img_link_target=&#8221;_blank&#8221; el_class=&#8221;partnerships-border-shadow&#8221; link=&#8221;https:\/\/www.euroceptpharma.com&#8221;][\/vc_column][vc_column width=&#8221;1\/4&#8243;][vc_single_image image=&#8221;916&#8243; img_size=&#8221;full&#8221; alignment=&#8221;center&#8221; onclick=&#8221;custom_link&#8221; img_link_target=&#8221;_blank&#8221; el_class=&#8221;partnerships-border-shadow&#8221; link=&#8221;http:\/\/www.ailexpharma.com\/&#8221;][\/vc_column][vc_column width=&#8221;1\/4&#8243;][vc_single_image image=&#8221;1379&#8243; img_size=&#8221;full&#8221; alignment=&#8221;center&#8221; onclick=&#8221;custom_link&#8221; img_link_target=&#8221;_blank&#8221; el_class=&#8221;partnerships-border-shadow&#8221; link=&#8221;https:\/\/gennisium.com\/&#8221;][\/vc_column][\/vc_row][vc_row css=&#8221;.vc_custom_1652208485496{margin-top: 0px !important;margin-bottom: 0px !important;padding-top: 0px !important;padding-bottom: 0px !important;}&#8221;][vc_column][vc_empty_space height=&#8221;60px&#8221;][\/vc_column][\/vc_row]<\/p>\n","protected":false},"excerpt":{"rendered":"<p>[vc_row full_width=&#8221;stretch_row&#8221;][vc_column][rev_slider_vc alias=&#8221;FullwidthSlider&#8221;][\/vc_column][\/vc_row][vc_row][vc_column][\/vc_column][\/vc_row][vc_row css=&#8221;.vc_custom_1648665473744{margin-top: 0px !important;border-top-width: 0px !important;padding-top: 0px !important;padding-bottom: 0px !important;}&#8221;][vc_column][vc_text_separator title=&#8221;Ortakl\u0131klar&#8221; css=&#8221;.vc_custom_1662768061659{margin-bottom: 10px !important;}&#8221;][\/vc_column][\/vc_row][vc_row css=&#8221;.vc_custom_1652208181792{margin-top: 0px !important;padding-top: 0px !important;padding-bottom: 0px !important;}&#8221;][vc_column width=&#8221;1\/4&#8243;][vc_single_image image=&#8221;1223&#8243; img_size=&#8221;full&#8221; alignment=&#8221;center&#8221; onclick=&#8221;custom_link&#8221; img_link_target=&#8221;_blank&#8221; el_class=&#8221;partnerships-border-shadow&#8221; link=&#8221;https:\/\/travere.com&#8221;][\/vc_column][vc_column width=&#8221;1\/4&#8243;][vc_single_image image=&#8221;1050&#8243; img_size=&#8221;full&#8221; alignment=&#8221;center&#8221; onclick=&#8221;custom_link&#8221; img_link_target=&#8221;_blank&#8221; el_class=&#8221;partnerships-border-shadow&#8221; link=&#8221;https:\/\/www.euroceptpharma.com&#8221;][\/vc_column][vc_column width=&#8221;1\/4&#8243;][vc_single_image image=&#8221;916&#8243; img_size=&#8221;full&#8221; alignment=&#8221;center&#8221; onclick=&#8221;custom_link&#8221; img_link_target=&#8221;_blank&#8221; el_class=&#8221;partnerships-border-shadow&#8221; link=&#8221;http:\/\/www.ailexpharma.com\/&#8221;][\/vc_column][vc_column width=&#8221;1\/4&#8243;][vc_single_image image=&#8221;1379&#8243; img_size=&#8221;full&#8221; alignment=&#8221;center&#8221; onclick=&#8221;custom_link&#8221; img_link_target=&#8221;_blank&#8221; el_class=&#8221;partnerships-border-shadow&#8221; link=&#8221;https:\/\/gennisium.com\/&#8221;][\/vc_column][\/vc_row][vc_row css=&#8221;.vc_custom_1652208485496{margin-top: 0px !important;margin-bottom: 0px !important;padding-top: 0px !important;padding-bottom: 0px !important;}&#8221;][vc_column][vc_empty_space height=&#8221;60px&#8221;][\/vc_column][\/vc_row]<\/p>\n","protected":false},"author":1,"featured_media":0,"parent":0,"menu_order":0,"comment_status":"closed","ping_status":"closed","template":"","meta":{"inline_featured_image":false},"_links":{"self":[{"href":"http:\/\/www.medsupplies-uk.com\/tr\/wp-json\/wp\/v2\/pages\/376"}],"collection":[{"href":"http:\/\/www.medsupplies-uk.com\/tr\/wp-json\/wp\/v2\/pages"}],"about":[{"href":"http:\/\/www.medsupplies-uk.com\/tr\/wp-json\/wp\/v2\/types\/page"}],"author":[{"embeddable":true,"href":"http:\/\/www.medsupplies-uk.com\/tr\/wp-json\/wp\/v2\/users\/1"}],"replies":[{"embeddable":true,"href":"http:\/\/www.medsupplies-uk.com\/tr\/wp-json\/wp\/v2\/comments?post=376"}],"version-history":[{"count":155,"href":"http:\/\/www.medsupplies-uk.com\/tr\/wp-json\/wp\/v2\/pages\/376\/revisions"}],"predecessor-version":[{"id":1381,"href":"http:\/\/www.medsupplies-uk.com\/tr\/wp-json\/wp\/v2\/pages\/376\/revisions\/1381"}],"wp:attachment":[{"href":"http:\/\/www.medsupplies-uk.com\/tr\/wp-json\/wp\/v2\/media?parent=376"}],"curies":[{"name":"wp","href":"https:\/\/api.w.org\/{rel}","templated":true}]}}