{"id":207,"date":"2016-05-13T13:50:41","date_gmt":"2016-05-13T13:50:41","guid":{"rendered":"http:\/\/tommustester.wpengine.com\/?page_id=207"},"modified":"2022-09-15T09:50:19","modified_gmt":"2022-09-15T09:50:19","slug":"contact","status":"publish","type":"page","link":"http:\/\/www.medsupplies-uk.com\/en\/contact\/","title":{"rendered":"Contact"},"content":{"rendered":"<p>[vc_row][vc_column][vc_row_inner][vc_column_inner width=&#8221;2\/12&#8243;][\/vc_column_inner][vc_column_inner width=&#8221;4\/12&#8243;]\n\t\t\t<div class=\"text-center numbered border-box icon-top\">\n\t\t\t\t<div class=\"wow fadeInUp\" data-wow-duration=\"1s\" data-wow-delay=\"0s\">\n\t\t\t\t\t<div class=\"box\"> \n\t\t\t\t\t\t<span class=\"icon icon-bg\">\n\t\t\t\t\t\t\t<i class=\"budicon-network\"><\/i>\n\t\t\t\t\t\t<\/span>\n\t\t\t\t\t\t<\/p>\n<h4 class=\"widget-title\">UK Office<\/h4>\n<ul class=\"info\" style=\"text-align: left;\">\n<li><i class=\"ion-android-call\"><\/i>+44 (0) 1874 711095<\/li>\n<li><i class=\"ion-android-mail\"><\/i><a class=\"email-link\" href=\"mailto:talgarth@medsupplies-uk.com\">talgarth@medsupplies-uk.com<\/a><\/li>\n<li><i class=\"ion-ios-location\"><\/i>Unit 2<br \/>\nTalgarth Business Park,<br \/>\nTalgarth, Powys, LD3 0PQ<\/li>\n<\/ul>\n<p>\n\t\t\t\t\t<\/div>\n\t\t\t\t<\/div><!--\/column -->\n\t\t\t<\/div>\n\t\t[\/vc_column_inner][vc_column_inner width=&#8221;4\/12&#8243;]\n\t\t\t<div class=\"text-center numbered border-box icon-top\">\n\t\t\t\t<div class=\"wow fadeInUp\" data-wow-duration=\"1s\" data-wow-delay=\"0s\">\n\t\t\t\t\t<div class=\"box\"> \n\t\t\t\t\t\t<span class=\"icon icon-bg\">\n\t\t\t\t\t\t\t<i class=\"budicon-network\"><\/i>\n\t\t\t\t\t\t<\/span>\n\t\t\t\t\t\t<\/p>\n<h4 class=\"widget-title\">Turkish Office<\/h4>\n<ul class=\"info\" style=\"text-align: left;\">\n<li><i class=\"ion-android-call\"><\/i>+90 (216) 410 03 72<\/li>\n<li><i class=\"ion-android-mail\"><\/i><a class=\"email-link\" href=\"mailto:info@altaysaglik.com\">info@altaysaglik.com<\/a><\/li>\n<li><i class=\"ion-ios-location\"><\/i>Altay \u00d6zel Sa\u011fl\u0131k Hizmetleri A.\u015e.<br \/>\n\u0130n\u00f6n\u00fc Caddesi, Mercan Sokak, No: 12<br \/>\nSTFA B-8 Blok. D. 2 Kozyata\u011f\u0131 34736 \u0130stanbul<\/li>\n<\/ul>\n<p>\n\t\t\t\t\t<\/div>\n\t\t\t\t<\/div><!--\/column -->\n\t\t\t<\/div>\n\t\t[\/vc_column_inner][vc_column_inner width=&#8221;2\/12&#8243;][\/vc_column_inner][\/vc_row_inner][\/vc_column][\/vc_row][vc_row css=&#8221;.vc_custom_1567381447461{background-color: #7bc4e6 !important;}&#8221;][vc_column][vc_column_text]<\/p>\n<div class=\"text-center\">\n<p style=\"text-align: center;\"><a class=\"btn btn-large btn-border fixed-width\" href=\"mailto:talgarth@medsupplies-uk.com\">CONTACT US<\/a><\/p>\n<\/div>\n<p>[\/vc_column_text][\/vc_column][\/vc_row]<\/p>\n","protected":false},"excerpt":{"rendered":"<p>[vc_row][vc_column][vc_row_inner][vc_column_inner width=&#8221;2\/12&#8243;][\/vc_column_inner][vc_column_inner width=&#8221;4\/12&#8243;][\/vc_column_inner][vc_column_inner width=&#8221;4\/12&#8243;][\/vc_column_inner][vc_column_inner width=&#8221;2\/12&#8243;][\/vc_column_inner][\/vc_row_inner][\/vc_column][\/vc_row][vc_row css=&#8221;.vc_custom_1567381447461{background-color: #7bc4e6 !important;}&#8221;][vc_column][vc_column_text] CONTACT US [\/vc_column_text][\/vc_column][\/vc_row]<\/p>\n","protected":false},"author":1,"featured_media":0,"parent":0,"menu_order":0,"comment_status":"closed","ping_status":"closed","template":"","meta":{"inline_featured_image":false},"_links":{"self":[{"href":"http:\/\/www.medsupplies-uk.com\/en\/wp-json\/wp\/v2\/pages\/207"}],"collection":[{"href":"http:\/\/www.medsupplies-uk.com\/en\/wp-json\/wp\/v2\/pages"}],"about":[{"href":"http:\/\/www.medsupplies-uk.com\/en\/wp-json\/wp\/v2\/types\/page"}],"author":[{"embeddable":true,"href":"http:\/\/www.medsupplies-uk.com\/en\/wp-json\/wp\/v2\/users\/1"}],"replies":[{"embeddable":true,"href":"http:\/\/www.medsupplies-uk.com\/en\/wp-json\/wp\/v2\/comments?post=207"}],"version-history":[{"count":41,"href":"http:\/\/www.medsupplies-uk.com\/en\/wp-json\/wp\/v2\/pages\/207\/revisions"}],"predecessor-version":[{"id":1336,"href":"http:\/\/www.medsupplies-uk.com\/en\/wp-json\/wp\/v2\/pages\/207\/revisions\/1336"}],"wp:attachment":[{"href":"http:\/\/www.medsupplies-uk.com\/en\/wp-json\/wp\/v2\/media?parent=207"}],"curies":[{"name":"wp","href":"https:\/\/api.w.org\/{rel}","templated":true}]}}